{"id":30,"date":"2024-03-22T13:35:16","date_gmt":"2024-03-22T13:35:16","guid":{"rendered":"https:\/\/somdelaterra.cat\/?page_id=30"},"modified":"2024-03-22T13:38:57","modified_gmt":"2024-03-22T13:38:57","slug":"manifest","status":"publish","type":"page","link":"https:\/\/somdelaterra.cat\/?page_id=30","title":{"rendered":"MANIFEST"},"content":{"rendered":"<p><b>Terra f\u00e8rtil, la nostra energia<\/b><\/p>\n<p>Des del segle passat, el creixement urb\u00e0 i l&#8217;auge de l\u2019agricultura industrial han anat acorralant a la petita pagesia i al m\u00f3n rural, empenyent-nos cap a l\u2019abisme. Aquesta realitat que veiem a casa nostra tamb\u00e9 es replica l\u2019espoli dels pa\u00efsos del Sud global, aix\u00ed com\u00a0 en la degradaci\u00f3 accelerada dels ecosistemes naturals i en la p\u00e8rdua de biodiversitat. A m\u00e9s, el sistema alimentari actual, basat en productes ultraprocessats nocius per la salut i en mans de grans empreses controlades per fons d&#8217;inversi\u00f3, aixeca\u00a0 un mur entre la pagesia i la ciutadania.<\/p>\n<p><b>Per\u00f2 la terra resisteix i la pagesia amb ella<\/b><\/p>\n<p>La petita pagesia &#8211; la que viu a la terra, de la terra i per la terra &#8211; continua i continuar\u00e0 viva. El m\u00f3n rural lluita per revitalitzar-se i preservar la seva cultura i les seves formes de vida, erigint-se com una aut\u00e8ntica alternativa per capgirar una societat que est\u00e0 fent fallida.<\/p>\n<p>Sobre la terra f\u00e8rtil volem sembrar i collir. No volem m\u00e9s projectes especulatius que ens converteixen en simples pol\u00edgons o abocadors. Ja n&#8217;hi ha prou de manipulacions que ens presenten falses alternatives per garantir la viabilitat dels nostres pobles, frenar la despoblaci\u00f3 i satisfer les necessitats urgents d&#8217;una societat abocada a l&#8217;exc\u00e9s i la desigualtat. \u00a0Volen destruir la idiosincr\u00e0sia dels pobles, arrel d&#8217;autonomia i de suport mutu. Per\u00f2 el m\u00f3n rural i la petita pagesia som indestructibles perqu\u00e8 al darrere hi ha vincle, coneixement ancestral i una estima profunda per la terra. Som l&#8217;ant\u00eddot m\u00e9s efectiu per a la seva protecci\u00f3.<\/p>\n<p><b>Som pageses i som ecologistes <\/b><b>perqu\u00e8 la petita pagesia cuida la terra, la preserva i la millora pels qui vindran despr\u00e9s.<\/b><\/p>\n<p>En aquest cam\u00ed hem treballat per propostes que, com la sobirania aliment\u00e0ria, van dirigides a posar fi a la industrialitzaci\u00f3 i la globalitzaci\u00f3 de tot all\u00f2 que sustenta la vida. Hem reivindicat l\u2019her\u00e8ncia dels\u00a0 nostres avis, donant nom a les bones pr\u00e0ctiques agr\u00edcoles: l&#8217;agroecologia. Ens hem posicionat amb rotunditat contra l&#8217;agricultura dels pesticides i dels transg\u00e8nics. Hem impulsat plataformes per defensar el territori de les innombrabless agressions. I hem desenvolupat alternatives de producci\u00f3, de comer\u00e7 cooperatiu, de circuits curts d&#8217;alimentaci\u00f3, de comunitats energ\u00e8tiques&#8230;<\/p>\n<p>No \u00e9s prou. Les administracions ens llancen molles per rebaixar la nostra combativitat, perpetuant una escandalosa dualitat aliment\u00e0ria: menjar per a una minoria privilegiada, i aliments degradats per a la gran majoria cada cop m\u00e9s empobrida. Davant d\u2019aquesta realitat injusta s\u00f3n urgents accions radicals que promoguin un canvi sist\u00e8mic des de la base. Cal trencar la l\u00f2gica mercantilista que converteix l\u2019alimentaci\u00f3 en un simple producte i recon\u00e8ixer el valor intr\u00ednsec de la terra, de la pagesia i de la poblaci\u00f3 rural, que no poden ser suplantats per maquin\u00e0ria, ni solucions tecnol\u00f2giques ef\u00edmeres, ni subvencions que perpetuen la depend\u00e8ncia.<\/p>\n<p><b>No \u00e9s temps de canvis, \u00e9s hora que els temps canvi\u00efn.<\/b><\/p>\n<p>Pensem que la resoluci\u00f3 d&#8217;aquesta problem\u00e0tica dep\u00e8n de la nostra capacitat per afrontar de manera col\u00b7lectiva aquestes q\u00fcestions centrals:<\/p>\n<p>&nbsp;<\/p>\n<ol>\n<li aria-level=\"1\"><b>Una petita pagesia amb estatut propi.<\/b> Cal revertir el model d&#8217;agricultura industrial i d&#8217;empresariat agrari que comporta la desaparici\u00f3 de la pagesia i de la vida als pobles. Els petits no tenim futur dins el capitalisme alimentari ni tampoc a la seva ombra. Cal crear un estatut diferenciat per una pagesia aut\u00f2noma, de petita escala, nombrosa, de proximitat i ecol\u00f2gica. I fer-ne la figura de refer\u00e8ncia del sistema alimentari.<\/li>\n<li aria-level=\"1\"><b>Organitzar la producci\u00f3 i consum en clau de pa\u00eds.<\/b> Cal definir les necessitats aliment\u00e0ries en clau igualit\u00e0ria i de salut, mesurar els recursos disponibles i adaptar-hi la producci\u00f3. Limitar les importacions i les exportacions i basar-nos en el principi de subsidiarietat (all\u00f2 que es pugui satisfer en l&#8217;escala m\u00e9s petita no anar-ho a buscar en una de m\u00e9s gran).<\/li>\n<li aria-level=\"1\"><b>Prioritzar l&#8217;agroecologia i la ramaderia extensiva.<\/b> La pagesia no pot hipotecar els recursos futurs ni produir aliments que no generin salut. Ha de ser una prioritat restablir aquest equilibri. Per\u00f2 no podem caure en la industrialitzaci\u00f3 i globalitzaci\u00f3 del menjar ecol\u00f2gic i que esdevingui un sector m\u00e9s de negoci i de classisme. Cal aturar el creixement desmesurat de la ramaderia intensiva i anar cap a la producci\u00f3 extensiva, molt m\u00e9s eficient en termes energ\u00e8tics i conservadora d&#8217;ecosistemes. La ramaderia ha d&#8217;estar sempre lligada a la terra.<\/li>\n<li aria-level=\"1\"><b>L&#8217;alimentaci\u00f3, una q\u00fcesti\u00f3 p\u00fablica i comuna.<\/b> Volem que l&#8217;alimentaci\u00f3 sigui garantida en qualitat i quantitat a tota la poblaci\u00f3 sobre la base de la petita pagesia. Que sigui entesa com una necessitat b\u00e0sica a garantir tamb\u00e9 de forma p\u00fablica i comuna. Cal crear mecanismes i organitzacions lliures que la duguin m\u00e9s enll\u00e0 del mercat capitalista i de la capacitat adquisitiva.<\/li>\n<li aria-level=\"1\"><b>Aband\u00f3 dels ajuts de la PAC i tr\u00e0nsit cap a una pol\u00edtica aliment\u00e0ria pr\u00f2pia<\/b>. Volem una pagesia sense ajuts i aspirem a un sistema que retribueixi correctament la seva feina. Per\u00f2 entenem que \u00e9s una activitat molt exposada als canvis ambientals i clim\u00e0tics i que una renda b\u00e0sica pagesa, personal i de car\u00e0cter transitori, pot ser \u00fatil fins que no s&#8217;aconsegueixi aquest objectiu.<\/li>\n<li aria-level=\"1\"><b>Aturar els macroprojectes en s\u00f2l agrari<\/b> i garantir la funci\u00f3 social i ambiental de la terra. La terra \u00e9s un b\u00e9 com\u00fa i els s\u00f2ls agraris tenen un valor ambiental, cultural i productiu que s&#8217;ha de preservar davant dels macroprojectes i l&#8217;especulaci\u00f3.<\/li>\n<li aria-level=\"1\"><b>Garantir l&#8217;acc\u00e9s a la terra com a dret social.<\/b> Fa falta m\u00e9s poblaci\u00f3 pagesa i que tothom pugui accedir-hi. Cal aturar urgentment l&#8217;acaparament de la terra i l&#8217;apropiaci\u00f3 per part de capitals que en distorsionen el preu real.<\/li>\n<li aria-level=\"1\"><b>Aigua per a les produccions locals<\/b> i no per a l&#8217;agroind\u00fastria exportadora. Cal posar criteris socials i ambientals de l&#8217;\u00fas de l&#8217;aigua en temps d&#8217;escassetat, prioritzant les produccions locals i de la petita pagesia per davant de les exportacions de l&#8217;agroind\u00fastria. Prou infraestructures hidr\u00e0uliques al servei de l&#8217;expulsi\u00f3 de la pagesia i dels beneficis de les empreses d&#8217;obra p\u00fablica. No als transvasaments ni a les interconnexions de conques. S\u00ed al reequilibri demogr\u00e0fic.<\/li>\n<li aria-level=\"1\"><b>Corregir les situacions d&#8217;injust\u00edcia que pateixen molts i moltes treballadores agr\u00e0ries, <\/b>sobretot les temporeres.<\/li>\n<li aria-level=\"1\"><b>Cultura aliment\u00e0ria pr\u00f2pia i llavors tradicionals.<\/b> Defensem la cultura\u00a0 basada en els cultius tradicionals mediterranis, en les varietats locals, en el consum de temporada i la cuina tradicional. Cal aturar els organismes modificats gen\u00e8ticament, la prote\u00efna animal i vegetal de laboratori, i tota la gamma de menjar ultraprocessat.<\/li>\n<li aria-level=\"1\"><b>Contra la burocr\u00e0cia i les apropiacions, desobedi\u00e8ncia.<\/b> Cal aturar el sistema de reglaments, controls i paperassa amb qu\u00e8 l&#8217;estat dificulta el desenvolupament de petits projectes. Tamb\u00e9 les apropiacions dels top\u00f2nims i d\u2019altres elements de la cultura popular que fan les denominacions d\u2019origen. I per canviar les lleis i les imposicions calen accions col\u00b7lectives de desobedi\u00e8ncia.<\/li>\n<li aria-level=\"1\"><b>Assemblees pageses i ciutadanes. <\/b>Aquest canvi dif\u00edcilment vindr\u00e0 de l&#8217;actual sistema de partits pol\u00edtics i sindicats. Volem que es constitueixin assemblees arreu del territori per debatre&#8217;l i concretar-lo. Espais on treballem amb horitzontalitat,\u00a0 apel\u00b7lant quan calgui a la mobilitzaci\u00f3.<\/li>\n<\/ol>\n<p>&nbsp;<\/p>\n<p style=\"text-align: right;\">Assemblea Pagesa i Ciutadana<\/p>\n<p style=\"text-align: right;\"><i>Bellmunt de Segarra, 10 de mar\u00e7 2024<\/i><\/p>\n","protected":false},"excerpt":{"rendered":"<p>Terra f\u00e8rtil, la nostra energia Des del segle passat, el [&hellip;]<\/p>\n","protected":false},"author":1,"featured_media":0,"parent":0,"menu_order":0,"comment_status":"closed","ping_status":"closed","template":"","meta":{"footnotes":""},"class_list":["post-30","page","type-page","status-publish","hentry"],"_links":{"self":[{"href":"https:\/\/somdelaterra.cat\/index.php?rest_route=\/wp\/v2\/pages\/30","targetHints":{"allow":["GET"]}}],"collection":[{"href":"https:\/\/somdelaterra.cat\/index.php?rest_route=\/wp\/v2\/pages"}],"about":[{"href":"https:\/\/somdelaterra.cat\/index.php?rest_route=\/wp\/v2\/types\/page"}],"author":[{"embeddable":true,"href":"https:\/\/somdelaterra.cat\/index.php?rest_route=\/wp\/v2\/users\/1"}],"replies":[{"embeddable":true,"href":"https:\/\/somdelaterra.cat\/index.php?rest_route=%2Fwp%2Fv2%2Fcomments&post=30"}],"version-history":[{"count":2,"href":"https:\/\/somdelaterra.cat\/index.php?rest_route=\/wp\/v2\/pages\/30\/revisions"}],"predecessor-version":[{"id":36,"href":"https:\/\/somdelaterra.cat\/index.php?rest_route=\/wp\/v2\/pages\/30\/revisions\/36"}],"wp:attachment":[{"href":"https:\/\/somdelaterra.cat\/index.php?rest_route=%2Fwp%2Fv2%2Fmedia&parent=30"}],"curies":[{"name":"wp","href":"https:\/\/api.w.org\/{rel}","templated":true}]}}